{"id":60,"date":"2020-12-21T20:58:13","date_gmt":"2020-12-21T20:58:13","guid":{"rendered":"http:\/\/elena-schmidt.de\/?page_id=60"},"modified":"2021-01-19T21:06:19","modified_gmt":"2021-01-19T21:06:19","slug":"projekte","status":"publish","type":"page","link":"https:\/\/elena-schmidt.de\/?page_id=60","title":{"rendered":"Projekte"},"content":{"rendered":"\n<p>Projekte mit anderen K\u00fcnstlern:<\/p>\n\n\n\n<ul class=\"wp-block-list\"><li>&#8222;Mit Dir&#8220; mit Steffen M\u00fcller-Klenk<\/li><li>&#8222;EZBET-Projekt&#8220; in Kairo mit den Universit\u00e4t Stuttgart und der Ain Shams Universit\u00e4t in Kairo<\/li><li>&#8222;Trialog&#8220; mit Ute Renz und Gabriele Pfaus-Schiller<\/li><\/ul>\n\n\n\n<p><\/p>\n","protected":false},"excerpt":{"rendered":"<p>Projekte mit anderen K\u00fcnstlern: &#8222;Mit Dir&#8220; mit Steffen M\u00fcller-Klenk &#8222;EZBET-Projekt&#8220; in Kairo mit den Universit\u00e4t Stuttgart und der Ain Shams Universit\u00e4t in Kairo &#8222;Trialog&#8220; mit Ute Renz und Gabriele Pfaus-Schiller<\/p>\n","protected":false},"author":1,"featured_media":0,"parent":0,"menu_order":0,"comment_status":"closed","ping_status":"closed","template":"","meta":{"footnotes":""},"class_list":["post-60","page","type-page","status-publish","hentry"],"jetpack_sharing_enabled":true,"_links":{"self":[{"href":"https:\/\/elena-schmidt.de\/index.php?rest_route=\/wp\/v2\/pages\/60","targetHints":{"allow":["GET"]}}],"collection":[{"href":"https:\/\/elena-schmidt.de\/index.php?rest_route=\/wp\/v2\/pages"}],"about":[{"href":"https:\/\/elena-schmidt.de\/index.php?rest_route=\/wp\/v2\/types\/page"}],"author":[{"embeddable":true,"href":"https:\/\/elena-schmidt.de\/index.php?rest_route=\/wp\/v2\/users\/1"}],"replies":[{"embeddable":true,"href":"https:\/\/elena-schmidt.de\/index.php?rest_route=%2Fwp%2Fv2%2Fcomments&post=60"}],"version-history":[{"count":4,"href":"https:\/\/elena-schmidt.de\/index.php?rest_route=\/wp\/v2\/pages\/60\/revisions"}],"predecessor-version":[{"id":250,"href":"https:\/\/elena-schmidt.de\/index.php?rest_route=\/wp\/v2\/pages\/60\/revisions\/250"}],"wp:attachment":[{"href":"https:\/\/elena-schmidt.de\/index.php?rest_route=%2Fwp%2Fv2%2Fmedia&parent=60"}],"curies":[{"name":"wp","href":"https:\/\/api.w.org\/{rel}","templated":true}]}}