{"id":624,"date":"2021-05-18T13:19:57","date_gmt":"2021-05-18T13:19:57","guid":{"rendered":"https:\/\/elena-schmidt.de\/?page_id=624"},"modified":"2023-02-20T13:11:29","modified_gmt":"2023-02-20T13:11:29","slug":"ueber-mich","status":"publish","type":"page","link":"https:\/\/elena-schmidt.de\/?page_id=624","title":{"rendered":"\u00dcber mich"},"content":{"rendered":"\n<p class=\"has-medium-font-size\">Vita<\/p>\n\n\n\n<p>Elena Schmidt   |   Herrenberger Str. 25   |   71157 Hildrizhausen<br>0151 12864762   |   info@elena-schmidt.de<br>  <\/p>\n\n\n\n<div class=\"wp-block-columns is-layout-flex wp-container-core-columns-is-layout-9d6595d7 wp-block-columns-is-layout-flex\">\n<div class=\"wp-block-column is-layout-flow wp-block-column-is-layout-flow\" style=\"flex-basis:20%\">\n<p>1994-97<br>1996<br>2005-07<\/p>\n<\/div>\n\n\n\n<div class=\"wp-block-column is-layout-flow wp-block-column-is-layout-flow\" style=\"flex-basis:80%\">\n<p>Freie Malerei, Freie Kunstschule Stuttgart<br>Steinbildhauerei bei Peter R\u00fcbsam, EAK Trier<br>Bildende Kunst bei Frederick D. Bunsen<br><br>  <\/p>\n<\/div>\n<\/div>\n\n\n\n<figure class=\"wp-block-image size-large\"><img loading=\"lazy\" decoding=\"async\" width=\"1024\" height=\"725\" src=\"https:\/\/elena-schmidt.de\/wp-content\/uploads\/2021\/05\/moira_und_elena-1024x725.jpg\" alt=\"\" class=\"wp-image-635\" srcset=\"https:\/\/elena-schmidt.de\/wp-content\/uploads\/2021\/05\/moira_und_elena-1024x725.jpg 1024w, https:\/\/elena-schmidt.de\/wp-content\/uploads\/2021\/05\/moira_und_elena-300x213.jpg 300w, https:\/\/elena-schmidt.de\/wp-content\/uploads\/2021\/05\/moira_und_elena-768x544.jpg 768w, https:\/\/elena-schmidt.de\/wp-content\/uploads\/2021\/05\/moira_und_elena.jpg 1200w\" sizes=\"auto, (max-width: 767px) 89vw, (max-width: 1000px) 54vw, (max-width: 1071px) 543px, 580px\" \/><figcaption class=\"wp-element-caption\">Foto: Evi Stubenbord<\/figcaption><\/figure>\n\n\n\n<p class=\"has-medium-font-size\">Preise und Auszeichnungen<\/p>\n\n\n\n<div class=\"wp-block-columns is-layout-flex wp-container-core-columns-is-layout-9d6595d7 wp-block-columns-is-layout-flex\">\n<div class=\"wp-block-column is-layout-flow wp-block-column-is-layout-flow\" style=\"flex-basis:20%\">\n<p>2005<br>2013<br>2017<br>2017<br>2017<br>2021<\/p>\n<\/div>\n\n\n\n<div class=\"wp-block-column is-layout-flow wp-block-column-is-layout-flow\" style=\"flex-basis:80%\">\n<p>Publikumspreis 1. Platz, Herrenberger Kunsttage<br>Publikumspreis 1. Platz, Kloster Hegne, Allensbach<br>Otto F. Scharr Kunstpreis, Stuttgart<br>[KUN:ST] Preis f\u00fcr Malerei, Stuttgart<br>Publikumspreis 1. Platz, Kloster Hegne, Allensbach<br>F\u00f6rderpreis des Landkreises B\u00f6blingen 2021 &#8211; Aufbruch<\/p>\n<\/div>\n<\/div>\n\n\n\n<hr class=\"wp-block-separator has-css-opacity\"\/>\n\n\n\n<p class=\"has-medium-font-size\">Mitgliedschaften<\/p>\n\n\n\n<p>Bund Bildender K\u00fcnstlerinnen W\u00fcrttembergs e.V.<br>Kunstverein B\u00f6blingen, Kunstverein Herrenberg, Kunstverein der Di\u00f6zese Rottenburg-Stuttgart, K\u00fcnstlerliste des Landkreises B\u00f6blingen, [KUN:ST] International Stuttgart<\/p>\n\n\n\n<hr class=\"wp-block-separator has-css-opacity\"\/>\n\n\n\n<p class=\"has-medium-font-size\">Ank\u00e4ufe und Sammlungen<\/p>\n\n\n\n<p>Landkreis B\u00f6blingen, Abfallwirtschaftsamt B\u00f6blingen, Kirchengemeinde St. Michael T\u00fcbingen, Kloster Hegne Allensbach, Stadt Wildberg, Stadt Holzgerlingen, <br>Privatsammlung Prof. Dr. Helge Bathelt, Sammlung der Stadt Herrenberg<\/p>\n\n\n\n<p>Hier finden Sie meine ausf\u00fchrliche Vita: \u2026 <a href=\"https:\/\/elena-schmidt.de\/wp-content\/uploads\/2023\/02\/2023_02_20_Vita_Bild_mit_Fobi.pdf\" data-type=\"URL\" target=\"_blank\" rel=\"noreferrer noopener\">pdf download<\/a><\/p>\n","protected":false},"excerpt":{"rendered":"<p>Vita Elena Schmidt | Herrenberger Str. 25 | 71157 Hildrizhausen0151 12864762 | info@elena-schmidt.de 1994-9719962005-07 Freie Malerei, Freie Kunstschule StuttgartSteinbildhauerei bei Peter R\u00fcbsam, EAK TrierBildende Kunst bei Frederick D. Bunsen Preise und Auszeichnungen 200520132017201720172021 Publikumspreis 1. Platz, Herrenberger KunsttagePublikumspreis 1. Platz, Kloster Hegne, AllensbachOtto F. Scharr Kunstpreis, Stuttgart[KUN:ST] Preis f\u00fcr Malerei, StuttgartPublikumspreis 1. Platz, Kloster Hegne, &hellip; <\/p>\n<p class=\"link-more\"><a href=\"https:\/\/elena-schmidt.de\/?page_id=624\" class=\"more-link\"><span class=\"screen-reader-text\">\u201e\u00dcber mich\u201c <\/span>weiterlesen<\/a><\/p>\n","protected":false},"author":1,"featured_media":0,"parent":0,"menu_order":0,"comment_status":"closed","ping_status":"closed","template":"","meta":{"footnotes":""},"class_list":["post-624","page","type-page","status-publish","hentry"],"jetpack_sharing_enabled":true,"_links":{"self":[{"href":"https:\/\/elena-schmidt.de\/index.php?rest_route=\/wp\/v2\/pages\/624","targetHints":{"allow":["GET"]}}],"collection":[{"href":"https:\/\/elena-schmidt.de\/index.php?rest_route=\/wp\/v2\/pages"}],"about":[{"href":"https:\/\/elena-schmidt.de\/index.php?rest_route=\/wp\/v2\/types\/page"}],"author":[{"embeddable":true,"href":"https:\/\/elena-schmidt.de\/index.php?rest_route=\/wp\/v2\/users\/1"}],"replies":[{"embeddable":true,"href":"https:\/\/elena-schmidt.de\/index.php?rest_route=%2Fwp%2Fv2%2Fcomments&post=624"}],"version-history":[{"count":15,"href":"https:\/\/elena-schmidt.de\/index.php?rest_route=\/wp\/v2\/pages\/624\/revisions"}],"predecessor-version":[{"id":772,"href":"https:\/\/elena-schmidt.de\/index.php?rest_route=\/wp\/v2\/pages\/624\/revisions\/772"}],"wp:attachment":[{"href":"https:\/\/elena-schmidt.de\/index.php?rest_route=%2Fwp%2Fv2%2Fmedia&parent=624"}],"curies":[{"name":"wp","href":"https:\/\/api.w.org\/{rel}","templated":true}]}}