{"id":642,"date":"2021-05-18T14:09:03","date_gmt":"2021-05-18T14:09:03","guid":{"rendered":"https:\/\/elena-schmidt.de\/?page_id=642"},"modified":"2025-09-28T10:52:29","modified_gmt":"2025-09-28T10:52:29","slug":"ausstellungen","status":"publish","type":"page","link":"https:\/\/elena-schmidt.de\/?page_id=642","title":{"rendered":"Ausstellungen"},"content":{"rendered":"\n<figure class=\"wp-block-image size-large\"><img loading=\"lazy\" decoding=\"async\" width=\"1024\" height=\"629\" src=\"https:\/\/elena-schmidt.de\/wp-content\/uploads\/2021\/02\/cropped-header_WM-e1621349113434-1024x629.jpg\" alt=\"\" class=\"wp-image-598\" srcset=\"https:\/\/elena-schmidt.de\/wp-content\/uploads\/2021\/02\/cropped-header_WM-e1621349113434-1024x629.jpg 1024w, https:\/\/elena-schmidt.de\/wp-content\/uploads\/2021\/02\/cropped-header_WM-e1621349113434-300x184.jpg 300w, https:\/\/elena-schmidt.de\/wp-content\/uploads\/2021\/02\/cropped-header_WM-e1621349113434-768x471.jpg 768w, https:\/\/elena-schmidt.de\/wp-content\/uploads\/2021\/02\/cropped-header_WM-e1621349113434-1536x943.jpg 1536w, https:\/\/elena-schmidt.de\/wp-content\/uploads\/2021\/02\/cropped-header_WM-e1621349113434.jpg 1955w\" sizes=\"auto, (max-width: 767px) 89vw, (max-width: 1000px) 54vw, (max-width: 1071px) 543px, 580px\" \/><\/figure>\n\n\n\n<p class=\"has-medium-font-size\" style=\"line-height:1.5\">Einzelpr\u00e4sentationen<\/p>\n\n\n\n<p>seit 2002 j\u00e4hrlich an mehreren Orten, unter anderem in:<br><br>Ammerbuch (Art-Road-Way Kunstschule)<br>B\u00f6blingen (Landratsamt, Evangelisch-Methodistische Kirche)<br>Ditzingen (St\u00e4dtische Galerie)<br>Echterdingen (Kunst bewegt LE)<br>Geislingen an der Steige (Amtsgericht)<br>Haigerloch (Galerie Forum Creativ)<br>Hechingen (Street Art)<br>Herrenberg (Galerie der Stadt, Strassengalerie)<br>Hildrizhausen (Gallery Irmgard Heyd, Kulturkreis, Atelier de Lucca)<br>Holzgerlingen (Burg Kalteneck St\u00e4dtische Galerie)<br>Horb (Kunstverein Oberer Neckar)<br>Karlsruhe (Verwaltungsgericht)<br>Morbach (Kunst im Gew\u00e4chshaus e.V.)<br>Stuttgart (Atelierhaus des BBK\/W, Bundespolizeipr\u00e4sidium, Kultur am Kelterberg, Galerie Kerstan)<br>T\u00fcbingen (Galerie Dalmau, St. Michaelskirche)<br>Waiblingen (Druck- und Pressehaus)<br>Warmbronn (Kultur auf dem Dorf)<br>Wildberg (Museum)<\/p>\n\n\n\n<hr class=\"wp-block-separator has-css-opacity\"\/>\n\n\n\n<p class=\"has-medium-font-size\">Messen<\/p>\n\n\n\n<p>ARTe Sindelfingen, Arte Sono Stuttgart, Antik- und Kunst Sindelfingen, Berliner Liste, Kunst und Antik M\u00fcnchen, K\u00fcnstlergalerie Messe Stuttgart<br><\/p>\n\n\n\n<hr class=\"wp-block-separator has-css-opacity\"\/>\n\n\n\n<p class=\"has-medium-font-size\">Gruppenausstellungen<\/p>\n\n\n\n<p>seit 1995 im In- und Ausland, unter anderem in:<br><br>HOTSPOT KW K\u00f6nigswinter, KUNSTPOOL Ulm, Kunstfr\u00fchling Geislingen, Landtag Rheinland-Pfalz\/Mainz, Galerie Kronprinz auf der Zitadelle Spandau\/Berlin, Frauenmuseum Bonn, Rathaus Stuttgart, Atelierhaus BBK\/W Stuttgart, KunstForum Eifel Schleiden-Gem\u00fcnd, Kunstverein W\u00f6rth, Kultur am Kelterberg e.V. Stuttgart, Galerie Schwarze Treppe Haigerloch, Galerie (T)REIB-ART (Themenausstellung in Hannover und Rheinfelden), Kloster Hegne Allensbach, Hess&amp;Lyet Gallery Elisabethtown (USA), Espace Culturel Andr\u00e9 Malraux, Tarare (F), Castellveccio Verona (I)<\/p>\n\n\n\n<hr class=\"wp-block-separator has-css-opacity\"\/>\n\n\n\n<p class=\"has-medium-font-size\">Dozentent\u00e4tigkeit<\/p>\n\n\n\n<p>an privaten Kunstschulen, Volkshochschulen und Privatkurse<\/p>\n\n\n\n<hr class=\"wp-block-separator has-css-opacity\"\/>\n\n\n\n<p>Hier finden Sie meine ausf\u00fchrliche Vita: &#8230; <a href=\"https:\/\/elena-schmidt.de\/wp-content\/uploads\/2023\/02\/2023_02_20_Vita_Bild_mit_Fobi.pdf\" target=\"_blank\" rel=\"noreferrer noopener\">pdf download<\/a> <\/p>\n","protected":false},"excerpt":{"rendered":"<p>Einzelpr\u00e4sentationen seit 2002 j\u00e4hrlich an mehreren Orten, unter anderem in: Ammerbuch (Art-Road-Way Kunstschule)B\u00f6blingen (Landratsamt, Evangelisch-Methodistische Kirche)Ditzingen (St\u00e4dtische Galerie)Echterdingen (Kunst bewegt LE)Geislingen an der Steige (Amtsgericht)Haigerloch (Galerie Forum Creativ)Hechingen (Street Art)Herrenberg (Galerie der Stadt, Strassengalerie)Hildrizhausen (Gallery Irmgard Heyd, Kulturkreis, Atelier de Lucca)Holzgerlingen (Burg Kalteneck St\u00e4dtische Galerie)Horb (Kunstverein Oberer Neckar)Karlsruhe (Verwaltungsgericht)Morbach (Kunst im Gew\u00e4chshaus e.V.)Stuttgart (Atelierhaus des &hellip; <\/p>\n<p class=\"link-more\"><a href=\"https:\/\/elena-schmidt.de\/?page_id=642\" class=\"more-link\"><span class=\"screen-reader-text\">\u201eAusstellungen\u201c <\/span>weiterlesen<\/a><\/p>\n","protected":false},"author":1,"featured_media":0,"parent":0,"menu_order":0,"comment_status":"closed","ping_status":"closed","template":"","meta":{"footnotes":""},"class_list":["post-642","page","type-page","status-publish","hentry"],"jetpack_sharing_enabled":true,"_links":{"self":[{"href":"https:\/\/elena-schmidt.de\/index.php?rest_route=\/wp\/v2\/pages\/642","targetHints":{"allow":["GET"]}}],"collection":[{"href":"https:\/\/elena-schmidt.de\/index.php?rest_route=\/wp\/v2\/pages"}],"about":[{"href":"https:\/\/elena-schmidt.de\/index.php?rest_route=\/wp\/v2\/types\/page"}],"author":[{"embeddable":true,"href":"https:\/\/elena-schmidt.de\/index.php?rest_route=\/wp\/v2\/users\/1"}],"replies":[{"embeddable":true,"href":"https:\/\/elena-schmidt.de\/index.php?rest_route=%2Fwp%2Fv2%2Fcomments&post=642"}],"version-history":[{"count":30,"href":"https:\/\/elena-schmidt.de\/index.php?rest_route=\/wp\/v2\/pages\/642\/revisions"}],"predecessor-version":[{"id":3331,"href":"https:\/\/elena-schmidt.de\/index.php?rest_route=\/wp\/v2\/pages\/642\/revisions\/3331"}],"wp:attachment":[{"href":"https:\/\/elena-schmidt.de\/index.php?rest_route=%2Fwp%2Fv2%2Fmedia&parent=642"}],"curies":[{"name":"wp","href":"https:\/\/api.w.org\/{rel}","templated":true}]}}