{"id":9,"date":"2020-12-18T23:38:21","date_gmt":"2020-12-18T23:38:21","guid":{"rendered":"http:\/\/elena-schmidt.de\/?page_id=9"},"modified":"2025-05-04T09:48:54","modified_gmt":"2025-05-04T09:48:54","slug":"front-page","status":"publish","type":"page","link":"https:\/\/elena-schmidt.de\/","title":{"rendered":"Elena Schmidt"},"content":{"rendered":"\n<p>Guten Tag,<\/p>\n\n\n\n<p>sch\u00f6n, dass Sie da sind!.<\/p>\n\n\n\n<p>\u00dcber meine Arbeit und meine Aktivit\u00e4ten k\u00f6nnen Sie sich auf den folgenden Seiten gerne ein Bild machen.<\/p>\n\n\n\n<p>\u00dcber W\u00fcnsche, Kritik und Anregungen, Lob und Tadel freue ich mich sehr! Nutzen Sie dazu gerne das Kontaktformular.<\/p>\n\n\n\n<p>Und nun viel Spa\u00df auf meinen Internetseiten,<br>Ihre Elena Schmidt<\/p>\n\n\n\n<p><\/p>\n","protected":false},"excerpt":{"rendered":"<p>Guten Tag, sch\u00f6n, dass Sie da sind!. \u00dcber meine Arbeit und meine Aktivit\u00e4ten k\u00f6nnen Sie sich auf den folgenden Seiten gerne ein Bild machen. \u00dcber W\u00fcnsche, Kritik und Anregungen, Lob und Tadel freue ich mich sehr! Nutzen Sie dazu gerne das Kontaktformular. Und nun viel Spa\u00df auf meinen Internetseiten,Ihre Elena Schmidt<\/p>\n","protected":false},"author":1,"featured_media":0,"parent":0,"menu_order":0,"comment_status":"closed","ping_status":"closed","template":"","meta":{"footnotes":""},"class_list":["post-9","page","type-page","status-publish","hentry"],"jetpack_sharing_enabled":true,"_links":{"self":[{"href":"https:\/\/elena-schmidt.de\/index.php?rest_route=\/wp\/v2\/pages\/9","targetHints":{"allow":["GET"]}}],"collection":[{"href":"https:\/\/elena-schmidt.de\/index.php?rest_route=\/wp\/v2\/pages"}],"about":[{"href":"https:\/\/elena-schmidt.de\/index.php?rest_route=\/wp\/v2\/types\/page"}],"author":[{"embeddable":true,"href":"https:\/\/elena-schmidt.de\/index.php?rest_route=\/wp\/v2\/users\/1"}],"replies":[{"embeddable":true,"href":"https:\/\/elena-schmidt.de\/index.php?rest_route=%2Fwp%2Fv2%2Fcomments&post=9"}],"version-history":[{"count":14,"href":"https:\/\/elena-schmidt.de\/index.php?rest_route=\/wp\/v2\/pages\/9\/revisions"}],"predecessor-version":[{"id":2877,"href":"https:\/\/elena-schmidt.de\/index.php?rest_route=\/wp\/v2\/pages\/9\/revisions\/2877"}],"wp:attachment":[{"href":"https:\/\/elena-schmidt.de\/index.php?rest_route=%2Fwp%2Fv2%2Fmedia&parent=9"}],"curies":[{"name":"wp","href":"https:\/\/api.w.org\/{rel}","templated":true}]}}